{"id":10,"date":"2025-02-21T16:23:44","date_gmt":"2025-02-21T15:23:44","guid":{"rendered":"https:\/\/comitedesfetes-bouaine.com\/?page_id=10"},"modified":"2025-02-21T16:59:24","modified_gmt":"2025-02-21T15:59:24","slug":"bienvenue-sur-le-site-du-comite-des-fetes-de-saint-philbert-de-bouaine","status":"publish","type":"page","link":"https:\/\/comitedesfetes-bouaine.com\/index.php\/bienvenue-sur-le-site-du-comite-des-fetes-de-saint-philbert-de-bouaine\/","title":{"rendered":"Pr\u00e9sentation"},"content":{"rendered":"\n<p>C&rsquo;est en mai 1953 que le comit\u00e9 des f\u00eates voit le jour gr\u00e2ce \u00e0 Gustave Guibreteau. Ce dernier en assure la pr\u00e9sidence pendant 32 ann\u00e9es, de mai 1953 \u00e0 janvier 1985 date \u00e0 laquelle il est remplac\u00e9 par Jean-Claude Gaboriau et ce jusqu\u2019en janvier 2005. A partir de 2005, Pierrick Huchet assume les fonctions de pr\u00e9sident de l\u2019association jusqu&rsquo;\u00e0 la nomination d&rsquo;Emilien GARNIER en janvier 2015.<br><br>Tout au long de la vie du comit\u00e9, de nombreuses manifestations se succ\u00e8dent. D&rsquo;abord la f\u00eate de la Jeanne d&rsquo;Arc puis des feux d&rsquo;artifice, des bals public, des concours de belote dans les caf\u00e9s de la commune, des concours de tir le dimanche matin, la f\u00eate du vin nouveau. Le comit\u00e9 des f\u00eates cr\u00e9a aussi le cin\u00e9ma avec l&rsquo;aide de l&rsquo;abb\u00e9 Aubret. Vers les ann\u00e9es 65-70 des rallyes voitures \u00e9taient organis\u00e9s et c\u2019est en 1971 qu\u2019eu lieu la premi\u00e8re f\u00eate de la bi\u00e8re dont le succ\u00e8s dura jusqu\u2019en 2007.<br><br>Dans les ann\u00e9es qui ont suivi, le comit\u00e9 s&rsquo;est diversifi\u00e9 : cyclo-cross(1984), cascade de voitures (1986), course poursuite (1990), gala de catch (1992 et 1996), animations du tour de France (1963, 1997 et 2011), karaok\u00e9 (1998), halloween (2004), f\u00eate des vendanges (2005), soir\u00e9e cr\u00e9ole (2006), f\u00eate celtique (2011), soir\u00e9e camping (2012), \u2026<br><br>Depuis 1988, le p\u00e8re No\u00ebl s\u2019invite aussi \u00e0 Saint Philbert pour offrir aux enfants bonbons, chocolats, man\u00e8ge, tour en cal\u00e8che et autres gourmandises et pendant plus de trente ans, jusqu\u2019\u00e0 ce que cela reste possible, le comit\u00e9 des f\u00eates a particip\u00e9 \u00e0 l&rsquo;illumination du bourg au moment des f\u00eates de fin d\u2019ann\u00e9e.<br><br>Le comit\u00e9 des f\u00eates, outre son r\u00f4le d\u2019animer la commune, a aussi pour objectif d\u2019aider les associations (par la mise \u00e0 disposition de mat\u00e9riel par exemple) ou de lancer de nouveaux projets. Ainsi en 2007, le comit\u00e9 cr\u00e9e le festival au Phil du Son et y associe d\u00e8s le d\u00e9part la commission Jeunes, commission \u00e0 part enti\u00e8re de la municipalit\u00e9. Les b\u00e9n\u00e9fices des manifestations, lorsqu&rsquo;il y en a, servent \u00e0 l&rsquo;achat de nombreux mat\u00e9riels ainsi qu\u2019au subventionnement de nombreuses associations locales.<br><\/p>\n","protected":false},"excerpt":{"rendered":"<p>C&rsquo;est en mai 1953 que le comit\u00e9 des f\u00eates voit le jour gr\u00e2ce \u00e0 Gustave Guibreteau. Ce dernier en assure la pr\u00e9sidence pendant 32 ann\u00e9es, de mai 1953 \u00e0 janvier 1985 date \u00e0 laquelle il est remplac\u00e9 par Jean-Claude Gaboriau et ce jusqu\u2019en janvier 2005. A partir de 2005, Pierrick Huchet assume les fonctions de [&hellip;]<\/p>\n","protected":false},"author":1,"featured_media":0,"parent":0,"menu_order":0,"comment_status":"closed","ping_status":"closed","template":"","meta":{"footnotes":""},"class_list":["post-10","page","type-page","status-publish","hentry"],"_links":{"self":[{"href":"https:\/\/comitedesfetes-bouaine.com\/index.php\/wp-json\/wp\/v2\/pages\/10","targetHints":{"allow":["GET"]}}],"collection":[{"href":"https:\/\/comitedesfetes-bouaine.com\/index.php\/wp-json\/wp\/v2\/pages"}],"about":[{"href":"https:\/\/comitedesfetes-bouaine.com\/index.php\/wp-json\/wp\/v2\/types\/page"}],"author":[{"embeddable":true,"href":"https:\/\/comitedesfetes-bouaine.com\/index.php\/wp-json\/wp\/v2\/users\/1"}],"replies":[{"embeddable":true,"href":"https:\/\/comitedesfetes-bouaine.com\/index.php\/wp-json\/wp\/v2\/comments?post=10"}],"version-history":[{"count":3,"href":"https:\/\/comitedesfetes-bouaine.com\/index.php\/wp-json\/wp\/v2\/pages\/10\/revisions"}],"predecessor-version":[{"id":35,"href":"https:\/\/comitedesfetes-bouaine.com\/index.php\/wp-json\/wp\/v2\/pages\/10\/revisions\/35"}],"wp:attachment":[{"href":"https:\/\/comitedesfetes-bouaine.com\/index.php\/wp-json\/wp\/v2\/media?parent=10"}],"curies":[{"name":"wp","href":"https:\/\/api.w.org\/{rel}","templated":true}]}}