{"id":15,"date":"2025-02-21T16:40:28","date_gmt":"2025-02-21T15:40:28","guid":{"rendered":"https:\/\/comitedesfetes-bouaine.com\/?page_id=15"},"modified":"2025-02-21T16:43:18","modified_gmt":"2025-02-21T15:43:18","slug":"contact","status":"publish","type":"page","link":"https:\/\/comitedesfetes-bouaine.com\/index.php\/contact\/","title":{"rendered":"Contact"},"content":{"rendered":"\n<p><strong>N&rsquo;h\u00e9sitez pas \u00e0 nous contacter pour demander des informations :<\/strong><\/p>\n\n\n\n<figure class=\"wp-block-image size-full\"><img loading=\"lazy\" decoding=\"async\" width=\"24\" height=\"31\" src=\"https:\/\/comitedesfetes-bouaine.com\/wp-content\/uploads\/2025\/02\/image.png\" alt=\"\" class=\"wp-image-17\"\/><\/figure>\n\n\n\n<p>Par T\u00e9l\u00e9phone : 06 72 34 63 23<\/p>\n\n\n\n<figure class=\"wp-block-image size-full\"><img loading=\"lazy\" decoding=\"async\" width=\"31\" height=\"19\" src=\"https:\/\/comitedesfetes-bouaine.com\/wp-content\/uploads\/2025\/02\/image-2.png\" alt=\"\" class=\"wp-image-19\"\/><\/figure>\n\n\n\n<p>Par mail : <a href=\"mailto:contact@comitedesfetes-bouaine.com\">contact@comitedesfetes-bouaine.com<\/a><\/p>\n\n\n\n<p><\/p>\n\n\n\n<p><strong>Nos partenaires :<\/strong><\/p>\n\n\n\n<p>La commune de St Philbert de Bouaine : <a href=\"http:\/\/www.saintphilbertdebouaine.fr\">site Web<\/a><br><br>La FNCOF, F\u00e9d\u00e9ration Nationale des Comit\u00e9s et Organisateurs de Festivit\u00e9s : <a href=\"http:\/\/www.fncof.com\">site Web<\/a><\/p>\n\n\n\n<div align=\"center\">\n<iframe src=\"https:\/\/www.google.com\/maps\/embed?pb=!1m18!1m12!1m3!1d3682.3341241535577!2d-1.524534923007661!3d46.9837050307828!2m3!1f0!2f0!3f0!3m2!1i1024!2i768!4f13.1!3m3!1m2!1s0x4805c593dde67db3%3A0x88238a3ddbcf2320!2s10%20Rue%20de%20la%20Mairie%2C%2085660%20Saint-Philbert-de-Bouaine!5e1!3m2!1sfr!2sfr!4v1740152238782!5m2!1sfr!2sfr\" width=\"600\" height=\"450\" style=\"border:0;\" allowfullscreen=\"\" loading=\"lazy\" referrerpolicy=\"no-referrer-when-downgrade\"><\/iframe>\n<\/div>\n\n\n\n<p><\/p>\n","protected":false},"excerpt":{"rendered":"<p>N&rsquo;h\u00e9sitez pas \u00e0 nous contacter pour demander des informations : Par T\u00e9l\u00e9phone : 06 72 34 63 23 Par mail : contact@comitedesfetes-bouaine.com Nos partenaires : La commune de St Philbert de Bouaine : site Web La FNCOF, F\u00e9d\u00e9ration Nationale des Comit\u00e9s et Organisateurs de Festivit\u00e9s : site Web<\/p>\n","protected":false},"author":1,"featured_media":0,"parent":0,"menu_order":0,"comment_status":"closed","ping_status":"closed","template":"","meta":{"footnotes":""},"class_list":["post-15","page","type-page","status-publish","hentry"],"_links":{"self":[{"href":"https:\/\/comitedesfetes-bouaine.com\/index.php\/wp-json\/wp\/v2\/pages\/15","targetHints":{"allow":["GET"]}}],"collection":[{"href":"https:\/\/comitedesfetes-bouaine.com\/index.php\/wp-json\/wp\/v2\/pages"}],"about":[{"href":"https:\/\/comitedesfetes-bouaine.com\/index.php\/wp-json\/wp\/v2\/types\/page"}],"author":[{"embeddable":true,"href":"https:\/\/comitedesfetes-bouaine.com\/index.php\/wp-json\/wp\/v2\/users\/1"}],"replies":[{"embeddable":true,"href":"https:\/\/comitedesfetes-bouaine.com\/index.php\/wp-json\/wp\/v2\/comments?post=15"}],"version-history":[{"count":6,"href":"https:\/\/comitedesfetes-bouaine.com\/index.php\/wp-json\/wp\/v2\/pages\/15\/revisions"}],"predecessor-version":[{"id":25,"href":"https:\/\/comitedesfetes-bouaine.com\/index.php\/wp-json\/wp\/v2\/pages\/15\/revisions\/25"}],"wp:attachment":[{"href":"https:\/\/comitedesfetes-bouaine.com\/index.php\/wp-json\/wp\/v2\/media?parent=15"}],"curies":[{"name":"wp","href":"https:\/\/api.w.org\/{rel}","templated":true}]}}